{"id":22,"date":"2023-11-18T19:08:08","date_gmt":"2023-11-18T11:08:08","guid":{"rendered":"http:\/\/www.sapphire-glass.net\/?page_id=22"},"modified":"2024-04-07T16:58:52","modified_gmt":"2024-04-07T08:58:52","slug":"about-us","status":"publish","type":"page","link":"https:\/\/www.sapphire-glass.net\/fr\/about-us\/","title":{"rendered":"\u00c0 propos des \u00c9tats-Unis"},"content":{"rendered":"<h2 class=\"wp-block-heading has-vivid-cyan-blue-color has-text-color has-link-color wp-elements-4508adac290f297b4a132e04e33148e3\">Company Profile<\/h2>\n\n\n\n<p>Shanghai Xinkehui Materials Co. est une entreprise sp\u00e9cialis\u00e9e dans la production et la vente de plaquettes de saphir, de substrats de saphir, de saphir color\u00e9, de substrats de sic et de plaquettes de silicium. Shanghai Xinkehui Materials Co.<\/p>\n\n\n\n<p>The company is headquartered in Shanghai and has accumulated rich experience and technical strength in the sapphire wafer field. As one of the leaders in this field, the company is committed to providing high-quality, advanced technology sapphire wafer products to meet customers&#8217; needs for optical materials.<\/p>\n\n\n<div class=\"wp-block-image\">\n<figure class=\"aligncenter size-full is-resized\"><img  title=\"\" fetchpriority=\"high\" decoding=\"async\" width=\"757\" height=\"523\" src=\"http:\/\/www.sapphire-glass.net\/wp-content\/uploads\/2024\/04\/H380c37ddf6b244b0ad661ed3a2b3a976N.png\"  alt=\"H380c37ddf6b244b0ad661ed3a2b3a976N About US\"  class=\"wp-image-52\" style=\"object-fit:cover;width:750px;height:500px\" srcset=\"https:\/\/www.sapphire-glass.net\/wp-content\/uploads\/2024\/04\/H380c37ddf6b244b0ad661ed3a2b3a976N.png 757w, https:\/\/www.sapphire-glass.net\/wp-content\/uploads\/2024\/04\/H380c37ddf6b244b0ad661ed3a2b3a976N-300x207.png 300w\" sizes=\"(max-width: 757px) 100vw, 757px\" \/><\/figure>\n<\/div>\n\n\n<div style=\"height:20px\" aria-hidden=\"true\" class=\"wp-block-spacer\"><\/div>\n\n\n\n<p>Nos produits sont largement utilis\u00e9s dans les domaines des semi-conducteurs, de l'opto\u00e9lectronique, des dispositifs laser, des diodes \u00e9lectroluminescentes et autres, et ont acquis une bonne r\u00e9putation gr\u00e2ce \u00e0 la fiabilit\u00e9 de leur qualit\u00e9 et \u00e0 l'excellence de leur service \u00e0 la client\u00e8le. Nos produits sont largement utilis\u00e9s dans les semi-conducteurs, l'opto\u00e9lectronique, les dispositifs laser, les DEL et d'autres domaines, et ont acquis une bonne r\u00e9putation pour leur qualit\u00e9 fiable et leur excellent service \u00e0 la client\u00e8le. Parall\u00e8lement, Shanghai Xinkehui Materials Co. se concentre sur l'innovation technologique et la gestion de la qualit\u00e9, am\u00e9liore continuellement la qualit\u00e9 des produits et l'efficacit\u00e9 de la production, et aide les clients \u00e0 d\u00e9velopper leurs activit\u00e9s.<\/p>\n\n\n\n<h2 class=\"wp-block-heading has-vivid-cyan-blue-color has-text-color has-link-color wp-elements-85771ca1fe57089d2683f0b0e92c5898\">Nos avantages<\/h2>\n\n\n\n<p>Shanghai Xinkehui New Material Co. a les avantages d'une haute qualit\u00e9, d'une technologie de fabrication avanc\u00e9e, d'une gamme de produits diversifi\u00e9e, d'une cha\u00eene d'approvisionnement fiable et d'un excellent service \u00e0 la client\u00e8le. L'entreprise pr\u00e9sente les avantages suivants : haute qualit\u00e9, technologie de fabrication avanc\u00e9e, gamme de produits diversifi\u00e9e, cha\u00eene d'approvisionnement fiable et excellent service \u00e0 la client\u00e8le.<\/p>\n\n\n\n<div class=\"wp-block-columns is-layout-flex wp-container-core-columns-is-layout-9d6595d7 wp-block-columns-is-layout-flex\">\n<div class=\"wp-block-column is-vertically-aligned-center is-layout-flow wp-block-column-is-layout-flow\">\n<p class=\"has-text-align-center has-black-color has-text-color has-link-color wp-elements-7958ae4091a846186312ba38788b3415\"><strong>Produit de haute qualit\u00e9<\/strong><\/p>\n\n\n\n<p>Shanghai Xinkehui Materials Co., Ltd. is famous for providing high-quality sapphire wafers. These wafers undergo strict quality control and inspection, have excellent optical properties and stable physical properties, and can meet customers&#8217; high requirements for product quality.<\/p>\n<\/div>\n\n\n\n<div class=\"wp-block-column is-layout-flow wp-block-column-is-layout-flow\">\n<figure class=\"wp-block-image size-full\"><img  title=\"\" decoding=\"async\" width=\"680\" height=\"436\" src=\"https:\/\/www.sapphire-glass.net\/wp-content\/uploads\/2024\/04\/20190429101804_71714.jpg\"  alt=\"20190429101804_71714 About US\"  class=\"wp-image-65\" srcset=\"https:\/\/www.sapphire-glass.net\/wp-content\/uploads\/2024\/04\/20190429101804_71714.jpg 680w, https:\/\/www.sapphire-glass.net\/wp-content\/uploads\/2024\/04\/20190429101804_71714-300x192.jpg 300w\" sizes=\"(max-width: 680px) 100vw, 680px\" \/><\/figure>\n<\/div>\n<\/div>\n\n\n\n<div class=\"wp-block-columns is-layout-flex wp-container-core-columns-is-layout-9d6595d7 wp-block-columns-is-layout-flex\">\n<div class=\"wp-block-column is-layout-flow wp-block-column-is-layout-flow\">\n<p class=\"has-text-align-center has-black-color has-text-color has-link-color wp-elements-df9e5efe17cca9513b74682c6df7ee94\"><strong>Technologie de fabrication avanc\u00e9e<\/strong><\/p>\n\n\n\n<p>Shanghai Xinkehui Materials Co., Ltd. uses advanced manufacturing processes and technologies to produce sapphire wafers to ensure that the products have superior performance and reliability. This technological advantage gives the product a competitive advantage in the market, and customers are more willing to choose the company&#8217;s products.<\/p>\n<\/div>\n\n\n\n<div class=\"wp-block-column is-vertically-aligned-center is-layout-flow wp-block-column-is-layout-flow\">\n<figure class=\"wp-block-gallery has-nested-images columns-default is-cropped wp-block-gallery-1 is-layout-flex wp-block-gallery-is-layout-flex\">\n<figure class=\"wp-block-image size-full\"><img  title=\"\" decoding=\"async\" width=\"1722\" height=\"802\" data-id=\"88\" src=\"https:\/\/www.sapphire-glass.net\/wp-content\/uploads\/2024\/04\/cs95083534-shanghai_famous_trade_co_ltd-1.webp\"  alt=\"cs95083534-shanghai_famous_trade_co_ltd-1 About US\"  class=\"wp-image-88\" srcset=\"https:\/\/www.sapphire-glass.net\/wp-content\/uploads\/2024\/04\/cs95083534-shanghai_famous_trade_co_ltd-1.webp 1722w, https:\/\/www.sapphire-glass.net\/wp-content\/uploads\/2024\/04\/cs95083534-shanghai_famous_trade_co_ltd-1-300x140.webp 300w, https:\/\/www.sapphire-glass.net\/wp-content\/uploads\/2024\/04\/cs95083534-shanghai_famous_trade_co_ltd-1-1024x477.webp 1024w, https:\/\/www.sapphire-glass.net\/wp-content\/uploads\/2024\/04\/cs95083534-shanghai_famous_trade_co_ltd-1-768x358.webp 768w, https:\/\/www.sapphire-glass.net\/wp-content\/uploads\/2024\/04\/cs95083534-shanghai_famous_trade_co_ltd-1-1536x715.webp 1536w\" sizes=\"(max-width: 1722px) 100vw, 1722px\" \/><\/figure>\n<\/figure>\n<\/div>\n<\/div>\n\n\n\n<div class=\"wp-block-columns is-layout-flex wp-container-core-columns-is-layout-9d6595d7 wp-block-columns-is-layout-flex\">\n<div class=\"wp-block-column is-layout-flow wp-block-column-is-layout-flow\">\n<p class=\"has-text-align-center has-black-color has-text-color has-link-color wp-elements-c600f4027a29a439d46505c222ec3a1c\"><strong>Diverse Product Line<\/strong><\/p>\n\n\n\n<p>Shanghai Xinkehui Materials Co., Ltd. provides a variety of sapphire wafer products, including products of different sizes, thicknesses and characteristics to meet the needs of different customers. This product diversity enables customers to choose the product best suited for their application, reinforcing their trust and reliance on the company.<\/p>\n<\/div>\n\n\n\n<div class=\"wp-block-column is-layout-flow wp-block-column-is-layout-flow\">\n<figure class=\"wp-block-gallery has-nested-images columns-default is-cropped wp-block-gallery-2 is-layout-flex wp-block-gallery-is-layout-flex\"><div class=\"wp-block-image\">\n<figure class=\"aligncenter size-large\"><img  title=\"\" loading=\"lazy\" decoding=\"async\" width=\"680\" height=\"510\" data-id=\"68\" src=\"https:\/\/www.sapphire-glass.net\/wp-content\/uploads\/2024\/04\/20190404140538_21951.jpg\"  alt=\"20190404140538_21951 About US\"  class=\"wp-image-68\" srcset=\"https:\/\/www.sapphire-glass.net\/wp-content\/uploads\/2024\/04\/20190404140538_21951.jpg 680w, https:\/\/www.sapphire-glass.net\/wp-content\/uploads\/2024\/04\/20190404140538_21951-300x225.jpg 300w\" sizes=\"(max-width: 680px) 100vw, 680px\" \/><\/figure>\n<\/div><\/figure>\n<\/div>\n<\/div>\n\n\n\n<div class=\"wp-block-columns is-layout-flex wp-container-core-columns-is-layout-9d6595d7 wp-block-columns-is-layout-flex\">\n<div class=\"wp-block-column is-layout-flow wp-block-column-is-layout-flow\">\n<p class=\"has-text-align-center has-black-color has-text-color has-link-color wp-elements-910c946154c36f228b8c9132eefb3325\"><strong>Reliable Supply Chain And Delivery Capabilities<\/strong><\/p>\n\n\n\n<p>Shanghai Xinkehui Materials Co., Ltd. has established a stable and reliable supply chain to ensure the stable supply of raw materials and the normal production. At the same time, the company has efficient production and delivery capabilities and can meet customers&#8217; order needs on time, improving customer satisfaction and loyalty.<\/p>\n<\/div>\n\n\n\n<div class=\"wp-block-column is-layout-flow wp-block-column-is-layout-flow\"><div class=\"wp-block-image\">\n<figure class=\"aligncenter size-full\"><img  title=\"\" loading=\"lazy\" decoding=\"async\" width=\"680\" height=\"420\" src=\"http:\/\/www.sapphire-glass.net\/wp-content\/uploads\/2024\/04\/20190312183931_45877.png\"  alt=\"20190312183931_45877 About US\"  class=\"wp-image-78\" srcset=\"https:\/\/www.sapphire-glass.net\/wp-content\/uploads\/2024\/04\/20190312183931_45877.png 680w, https:\/\/www.sapphire-glass.net\/wp-content\/uploads\/2024\/04\/20190312183931_45877-300x185.png 300w\" sizes=\"(max-width: 680px) 100vw, 680px\" \/><\/figure>\n<\/div><\/div>\n<\/div>\n\n\n\n<h2 class=\"wp-block-heading has-vivid-cyan-blue-color has-text-color has-link-color wp-elements-2ffb845b24bf7dabc75c1c3b76480437\">Our Services<\/h2>\n\n\n\n<p>We can provide customers with high-quality services, timely technical support, after-sales service and customization needs, so that customers can have a good experience during the purchase and use process.<\/p>\n\n\n\n<p><strong>1.<mark style=\"background-color:rgba(0, 0, 0, 0)\" class=\"has-inline-color has-black-color\">Timely technical support: <\/mark><\/strong>We can provide a quick-response technical support team that can answer your technical questions in a timely manner and help you solve production problems.<\/p>\n\n\n\n<p><strong>2. <mark style=\"background-color:rgba(0, 0, 0, 0)\" class=\"has-inline-color has-black-color\">After-sales service: <\/mark><\/strong>We can provide you with complete after-sales service, including product quality problem solving, repair and replacement services, etc. When you encounter problems during use, you can get timely feedback and processing.<\/p>\n\n\n\n<p><strong>3. <mark style=\"background-color:rgba(0, 0, 0, 0)\" class=\"has-inline-color has-black-color\">Meet customized needs:<\/mark> <\/strong>We can provide customized services and product solutions according to customers&#8217; specific needs. This personalized service can better meet your needs.<\/p>\n\n\n\n<p><strong>4.<\/strong> <strong><mark style=\"background-color:rgba(0, 0, 0, 0)\" class=\"has-inline-color has-black-color\">Communication and feedback mechanism:<\/mark> <\/strong>Our company has established effective communication channels and feedback mechanisms to collect your opinions and suggestions in a timely manner and provide feedback and improvements. By maintaining good communication and interaction with customers, we can better understand customer needs and improve service quality and customer satisfaction.<\/p>\n\n\n\n<p><\/p>\n\n\n\n<hr class=\"wp-block-separator has-alpha-channel-opacity\"\/>\n\n\n<div class=\"wp-block-image is-style-rounded\">\n<figure class=\"aligncenter size-full is-resized\"><a href=\"https:\/\/www.sapphire-glass.net\/index.php\/contact-us\/\"><img  title=\"\" loading=\"lazy\" decoding=\"async\" width=\"680\" height=\"309\" src=\"http:\/\/www.sapphire-glass.net\/wp-content\/uploads\/2024\/04\/20190404141025_99314.jpg\"  alt=\"20190404141025_99314 About US\"  class=\"wp-image-108\" style=\"aspect-ratio:3\/2;object-fit:cover;width:285px;height:auto\" srcset=\"https:\/\/www.sapphire-glass.net\/wp-content\/uploads\/2024\/04\/20190404141025_99314.jpg 680w, https:\/\/www.sapphire-glass.net\/wp-content\/uploads\/2024\/04\/20190404141025_99314-300x136.jpg 300w\" sizes=\"(max-width: 680px) 100vw, 680px\" \/><\/a><\/figure>\n<\/div>\n\n\n<div style=\"height:20px\" aria-hidden=\"true\" class=\"wp-block-spacer\"><\/div>\n\n\n\n<p class=\"has-text-align-center has-black-color has-text-color has-link-color has-large-font-size wp-elements-33f0724be370a394a0eaecf003f2629e\">&#8220;We are your trusted business partner.&#8221;<\/p>\n\n\n\n<p class=\"has-text-align-right has-black-color has-text-color has-link-color has-medium-font-size wp-elements-7d6ff510ee976b7fe98597ab06d43b85\">\u2014\u2014<a href=\"https:\/\/www.sapphire-glass.net\/index.php\/about-us\/\">Shanghai Xinkehui Materials Co., Ltd<\/a>.<\/p>\n\n\n\n<hr class=\"wp-block-separator has-alpha-channel-opacity\"\/>","protected":false},"excerpt":{"rendered":"<p>Company Profile Shanghai Xinkehui Materials Co., Ltd. i [&hellip;]<\/p>\n","protected":false},"author":1,"featured_media":0,"parent":0,"menu_order":0,"comment_status":"closed","ping_status":"closed","template":"","meta":{"_acf_changed":false,"_joinchat":[],"footnotes":""},"class_list":["post-22","page","type-page","status-publish","hentry"],"acf":[],"_links":{"self":[{"href":"https:\/\/www.sapphire-glass.net\/fr\/wp-json\/wp\/v2\/pages\/22","targetHints":{"allow":["GET"]}}],"collection":[{"href":"https:\/\/www.sapphire-glass.net\/fr\/wp-json\/wp\/v2\/pages"}],"about":[{"href":"https:\/\/www.sapphire-glass.net\/fr\/wp-json\/wp\/v2\/types\/page"}],"author":[{"embeddable":true,"href":"https:\/\/www.sapphire-glass.net\/fr\/wp-json\/wp\/v2\/users\/1"}],"replies":[{"embeddable":true,"href":"https:\/\/www.sapphire-glass.net\/fr\/wp-json\/wp\/v2\/comments?post=22"}],"version-history":[{"count":46,"href":"https:\/\/www.sapphire-glass.net\/fr\/wp-json\/wp\/v2\/pages\/22\/revisions"}],"predecessor-version":[{"id":127,"href":"https:\/\/www.sapphire-glass.net\/fr\/wp-json\/wp\/v2\/pages\/22\/revisions\/127"}],"wp:attachment":[{"href":"https:\/\/www.sapphire-glass.net\/fr\/wp-json\/wp\/v2\/media?parent=22"}],"curies":[{"name":"wp","href":"https:\/\/api.w.org\/{rel}","templated":true}]}}